{"id":94,"date":"2023-01-14T14:08:29","date_gmt":"2023-01-14T13:08:29","guid":{"rendered":"https:\/\/www.lifestyle-medicine.fr\/?page_id=94"},"modified":"2023-01-14T14:08:30","modified_gmt":"2023-01-14T13:08:30","slug":"relations-saines","status":"publish","type":"page","link":"https:\/\/www.lifestyle-medicine.fr\/index.php\/relations-saines\/","title":{"rendered":"Relations saines"},"content":{"rendered":"\n<p>Avoir des relations saines et significatives et une meilleure connexion sociale est essentiel pour une bonne sant\u00e9 mentale et physique.<\/p>\n\n\n\n<p>Nous sommes des \u00eatres sociaux et nos relations familiales et communautaires donnent un but et un sens \u00e0 notre vie. Le contact avec les autres nous aide non seulement \u00e0 survivre, mais aussi \u00e0 nous \u00e9panouir. C&rsquo;est pour cette raison que l&rsquo;ALMF fait de l&rsquo;importance des relations saines l&rsquo;un des six piliers de la m\u00e9decine du mode de vie.<\/p>\n\n\n\n<p>Du point de vue de la sant\u00e9 physique, de plus en plus de preuves d\u00e9montrent un lien entre la qualit\u00e9 de nos relations sociales et le risque associ\u00e9 \u00e0 des conditions telles que l&rsquo;ob\u00e9sit\u00e9, les maladies cardiaques et m\u00eame certains cancers. Notre sant\u00e9 mentale est \u00e9galement \u00e9troitement li\u00e9e \u00e0 nos relations avec les autres, et la solitude est un facteur de risque cl\u00e9 pour la d\u00e9pression.<\/p>\n\n\n\n<p>Des \u00e9tudes ont calcul\u00e9 que la solitude peut \u00eatre aussi nocive pour notre sant\u00e9 que le fait de fumer 15 cigarettes par jour &#8211; ou de boire \u00e0 des niveaux associ\u00e9s \u00e0 l&rsquo;alcoolisme. Un niveau \u00e9lev\u00e9 de solitude peut augmenter de 30 % le risque de crise cardiaque et d&rsquo;accident vasculaire c\u00e9r\u00e9bral.<\/p>\n\n\n\n<p>L&rsquo;ALMF estime que la r\u00e9duction de la solitude et la promotion du lien social devraient donc constituer un \u00e9l\u00e9ment cl\u00e9 de la bo\u00eete \u00e0 outils de la m\u00e9decine du mode de vie : le lien est vraiment une m\u00e9decine.<\/p>\n\n\n\n<p>Un bon praticien de la m\u00e9decine du mode de vie doit \u00eatre pr\u00eat \u00e0 parler \u00e0 son patient de la solitude, de l&rsquo;isolement et des relations. Nous devrions \u00eatre pr\u00eats \u00e0 \u00ab\u00a0prescrire du lien\u00a0\u00bb et \u00e0 offrir de l&rsquo;aide et des conseils sur les endroits et les fa\u00e7ons dont les gens peuvent rencontrer d&rsquo;autres personnes et se sentir moins seuls et isol\u00e9s. Dans ce domaine, la prescription sociale peut \u00eatre un outil incroyablement puissant, et il est essentiel que nous disposions de r\u00e9seaux de haute qualit\u00e9 vers lesquels nous pouvons orienter les gens.<\/p>\n\n\n\n<p>Les praticiens de la m\u00e9decine du style de vie devraient commencer par demander \u00e0 leurs patients combien de fois ils voient d&rsquo;autres personnes et o\u00f9 et comment se d\u00e9roulent la plupart de leurs interactions sociales. Il s&rsquo;agit de discuter \u00e0 la fois de la quantit\u00e9 et de la qualit\u00e9 de ces relations. Dans le cabinet de consultation, commencez par interroger les patients sur leurs amiti\u00e9s, leurs r\u00e9seaux sociaux et le temps qu&rsquo;ils passent seuls ou avec d&rsquo;autres.<\/p>\n\n\n\n<p>Il est \u00e9galement important de prendre en compte les nombreuses possibilit\u00e9s de relations que nous pouvons exploiter : \u00e0 la maison, sur le lieu de travail, dans notre communaut\u00e9, dans les groupes et activit\u00e9s sociales, y compris les sports et les loisirs.<\/p>\n\n\n\n<p>Nombre de ces r\u00e9seaux ont souffert de la pand\u00e9mie de Covid-19 et des mesures de confinement et de restriction qui y sont associ\u00e9es et qui ont r\u00e9duit notre capacit\u00e9 \u00e0 voir notre famille et nos amis et \u00e0 nous r\u00e9unir en groupes. Alors que nous nous remettons de la pand\u00e9mie, l&rsquo;ALMF pense que nous devons agir pour reconstruire ces r\u00e9seaux qui jouent un r\u00f4le si crucial dans notre sant\u00e9 et notre bien-\u00eatre.<\/p>\n\n\n\n<p>Certains aspects de nos modes de vie modernes agissent \u00e9galement au d\u00e9triment de nos relations et de nos liens sociaux. Si l&rsquo;internet et les m\u00e9dias sociaux peuvent dans certains cas rapprocher les \u00eatres humains, ils peuvent aussi avoir l&rsquo;effet inverse. Le fait de passer beaucoup de temps sur nos \u00e9crans et en ligne nous coupe des autres, r\u00e9duisant ainsi les moments de \u00ab\u00a0face \u00e0 face\u00a0\u00bb que nous passons les uns avec les autres. La m\u00e9decine fond\u00e9e sur le mode de vie encourage et d\u00e9fend l&rsquo;\u00e9tablissement de liens plus \u00e9troits avec les personnes, car c&rsquo;est le meilleur moyen de r\u00e9duire le risque de solitude et d&rsquo;isolement.<\/p>\n\n\n\n<p>En r\u00e9sum\u00e9, une approche de la m\u00e9decine bas\u00e9e sur le mode de vie visant \u00e0 am\u00e9liorer la sant\u00e9 et le bien-\u00eatre devrait donner la priorit\u00e9 \u00e0 l&rsquo;importance des liens sociaux et des relations saines. Ces \u00e9l\u00e9ments sont essentiels \u00e0 une approche de la long\u00e9vit\u00e9 en bonne sant\u00e9, au m\u00eame titre que l&rsquo;activit\u00e9 physique, une alimentation saine, un sommeil de qualit\u00e9, l&rsquo;absence de substances nocives et la r\u00e9duction du stress.<\/p>\n\n\n\n<p><\/p>\n","protected":false},"excerpt":{"rendered":"<p>Avoir des relations saines et significatives et une meilleure connexion sociale est essentiel pour une bonne sant\u00e9 mentale et physique. Nous sommes des \u00eatres sociaux et nos relations familiales et communautaires donnent un but et un sens \u00e0 notre vie. Le contact avec les autres nous aide non seulement \u00e0 survivre, mais aussi \u00e0 nous&hellip;&nbsp;<a href=\"https:\/\/www.lifestyle-medicine.fr\/index.php\/relations-saines\/\" rel=\"bookmark\">Lire la suite &raquo;<span class=\"screen-reader-text\">Relations saines<\/span><\/a><\/p>\n","protected":false},"author":1,"featured_media":0,"parent":0,"menu_order":0,"comment_status":"closed","ping_status":"closed","template":"","meta":{"neve_meta_sidebar":"","neve_meta_container":"","neve_meta_enable_content_width":"","neve_meta_content_width":0,"neve_meta_title_alignment":"","neve_meta_author_avatar":"","neve_post_elements_order":"","neve_meta_disable_header":"","neve_meta_disable_footer":"","neve_meta_disable_title":"","footnotes":""},"class_list":["post-94","page","type-page","status-publish","hentry"],"yoast_head":"<!-- This site is optimized with the Yoast SEO plugin v26.7 - https:\/\/yoast.com\/wordpress\/plugins\/seo\/ -->\n<title>Relations saines - Association Lifestyle Medicine France<\/title>\n<meta name=\"robots\" content=\"index, follow, max-snippet:-1, max-image-preview:large, max-video-preview:-1\" \/>\n<link rel=\"canonical\" href=\"https:\/\/www.lifestyle-medicine.fr\/index.php\/relations-saines\/\" \/>\n<meta property=\"og:locale\" content=\"fr_FR\" \/>\n<meta property=\"og:type\" content=\"article\" \/>\n<meta property=\"og:title\" content=\"Relations saines - Association Lifestyle Medicine France\" \/>\n<meta property=\"og:description\" content=\"Avoir des relations saines et significatives et une meilleure connexion sociale est essentiel pour une bonne sant\u00e9 mentale et physique. Nous sommes des \u00eatres sociaux et nos relations familiales et communautaires donnent un but et un sens \u00e0 notre vie. Le contact avec les autres nous aide non seulement \u00e0 survivre, mais aussi \u00e0 nous&hellip;&nbsp;Lire la suite &raquo;Relations saines\" \/>\n<meta property=\"og:url\" content=\"https:\/\/www.lifestyle-medicine.fr\/index.php\/relations-saines\/\" \/>\n<meta property=\"og:site_name\" content=\"Association Lifestyle Medicine France\" \/>\n<meta property=\"article:modified_time\" content=\"2023-01-14T13:08:30+00:00\" \/>\n<meta name=\"twitter:card\" content=\"summary_large_image\" \/>\n<meta name=\"twitter:site\" content=\"@LifestyleMedFr\" \/>\n<meta name=\"twitter:label1\" content=\"Dur\u00e9e de lecture estim\u00e9e\" \/>\n\t<meta name=\"twitter:data1\" content=\"4 minutes\" \/>\n<script type=\"application\/ld+json\" class=\"yoast-schema-graph\">{\"@context\":\"https:\/\/schema.org\",\"@graph\":[{\"@type\":\"WebPage\",\"@id\":\"https:\/\/www.lifestyle-medicine.fr\/index.php\/relations-saines\/\",\"url\":\"https:\/\/www.lifestyle-medicine.fr\/index.php\/relations-saines\/\",\"name\":\"Relations saines - Association Lifestyle Medicine France\",\"isPartOf\":{\"@id\":\"https:\/\/www.lifestyle-medicine.fr\/#website\"},\"datePublished\":\"2023-01-14T13:08:29+00:00\",\"dateModified\":\"2023-01-14T13:08:30+00:00\",\"breadcrumb\":{\"@id\":\"https:\/\/www.lifestyle-medicine.fr\/index.php\/relations-saines\/#breadcrumb\"},\"inLanguage\":\"fr-FR\",\"potentialAction\":[{\"@type\":\"ReadAction\",\"target\":[\"https:\/\/www.lifestyle-medicine.fr\/index.php\/relations-saines\/\"]}]},{\"@type\":\"BreadcrumbList\",\"@id\":\"https:\/\/www.lifestyle-medicine.fr\/index.php\/relations-saines\/#breadcrumb\",\"itemListElement\":[{\"@type\":\"ListItem\",\"position\":1,\"name\":\"Accueil\",\"item\":\"https:\/\/www.lifestyle-medicine.fr\/\"},{\"@type\":\"ListItem\",\"position\":2,\"name\":\"Relations saines\"}]},{\"@type\":\"WebSite\",\"@id\":\"https:\/\/www.lifestyle-medicine.fr\/#website\",\"url\":\"https:\/\/www.lifestyle-medicine.fr\/\",\"name\":\"Association Lifestyle Medicine France\",\"description\":\"\",\"publisher\":{\"@id\":\"https:\/\/www.lifestyle-medicine.fr\/#organization\"},\"potentialAction\":[{\"@type\":\"SearchAction\",\"target\":{\"@type\":\"EntryPoint\",\"urlTemplate\":\"https:\/\/www.lifestyle-medicine.fr\/?s={search_term_string}\"},\"query-input\":{\"@type\":\"PropertyValueSpecification\",\"valueRequired\":true,\"valueName\":\"search_term_string\"}}],\"inLanguage\":\"fr-FR\"},{\"@type\":\"Organization\",\"@id\":\"https:\/\/www.lifestyle-medicine.fr\/#organization\",\"name\":\"Association Lifestyle Medicine France\",\"url\":\"https:\/\/www.lifestyle-medicine.fr\/\",\"logo\":{\"@type\":\"ImageObject\",\"inLanguage\":\"fr-FR\",\"@id\":\"https:\/\/www.lifestyle-medicine.fr\/#\/schema\/logo\/image\/\",\"url\":\"https:\/\/www.lifestyle-medicine.fr\/wp-content\/uploads\/2023\/01\/cropped-ASSOCIATION-LIFESTYLE-MEDICINE-4.png\",\"contentUrl\":\"https:\/\/www.lifestyle-medicine.fr\/wp-content\/uploads\/2023\/01\/cropped-ASSOCIATION-LIFESTYLE-MEDICINE-4.png\",\"width\":331,\"height\":371,\"caption\":\"Association Lifestyle Medicine France\"},\"image\":{\"@id\":\"https:\/\/www.lifestyle-medicine.fr\/#\/schema\/logo\/image\/\"},\"sameAs\":[\"https:\/\/x.com\/LifestyleMedFr\"]}]}<\/script>\n<!-- \/ Yoast SEO plugin. -->","yoast_head_json":{"title":"Relations saines - Association Lifestyle Medicine France","robots":{"index":"index","follow":"follow","max-snippet":"max-snippet:-1","max-image-preview":"max-image-preview:large","max-video-preview":"max-video-preview:-1"},"canonical":"https:\/\/www.lifestyle-medicine.fr\/index.php\/relations-saines\/","og_locale":"fr_FR","og_type":"article","og_title":"Relations saines - Association Lifestyle Medicine France","og_description":"Avoir des relations saines et significatives et une meilleure connexion sociale est essentiel pour une bonne sant\u00e9 mentale et physique. Nous sommes des \u00eatres sociaux et nos relations familiales et communautaires donnent un but et un sens \u00e0 notre vie. Le contact avec les autres nous aide non seulement \u00e0 survivre, mais aussi \u00e0 nous&hellip;&nbsp;Lire la suite &raquo;Relations saines","og_url":"https:\/\/www.lifestyle-medicine.fr\/index.php\/relations-saines\/","og_site_name":"Association Lifestyle Medicine France","article_modified_time":"2023-01-14T13:08:30+00:00","twitter_card":"summary_large_image","twitter_site":"@LifestyleMedFr","twitter_misc":{"Dur\u00e9e de lecture estim\u00e9e":"4 minutes"},"schema":{"@context":"https:\/\/schema.org","@graph":[{"@type":"WebPage","@id":"https:\/\/www.lifestyle-medicine.fr\/index.php\/relations-saines\/","url":"https:\/\/www.lifestyle-medicine.fr\/index.php\/relations-saines\/","name":"Relations saines - Association Lifestyle Medicine France","isPartOf":{"@id":"https:\/\/www.lifestyle-medicine.fr\/#website"},"datePublished":"2023-01-14T13:08:29+00:00","dateModified":"2023-01-14T13:08:30+00:00","breadcrumb":{"@id":"https:\/\/www.lifestyle-medicine.fr\/index.php\/relations-saines\/#breadcrumb"},"inLanguage":"fr-FR","potentialAction":[{"@type":"ReadAction","target":["https:\/\/www.lifestyle-medicine.fr\/index.php\/relations-saines\/"]}]},{"@type":"BreadcrumbList","@id":"https:\/\/www.lifestyle-medicine.fr\/index.php\/relations-saines\/#breadcrumb","itemListElement":[{"@type":"ListItem","position":1,"name":"Accueil","item":"https:\/\/www.lifestyle-medicine.fr\/"},{"@type":"ListItem","position":2,"name":"Relations saines"}]},{"@type":"WebSite","@id":"https:\/\/www.lifestyle-medicine.fr\/#website","url":"https:\/\/www.lifestyle-medicine.fr\/","name":"Association Lifestyle Medicine France","description":"","publisher":{"@id":"https:\/\/www.lifestyle-medicine.fr\/#organization"},"potentialAction":[{"@type":"SearchAction","target":{"@type":"EntryPoint","urlTemplate":"https:\/\/www.lifestyle-medicine.fr\/?s={search_term_string}"},"query-input":{"@type":"PropertyValueSpecification","valueRequired":true,"valueName":"search_term_string"}}],"inLanguage":"fr-FR"},{"@type":"Organization","@id":"https:\/\/www.lifestyle-medicine.fr\/#organization","name":"Association Lifestyle Medicine France","url":"https:\/\/www.lifestyle-medicine.fr\/","logo":{"@type":"ImageObject","inLanguage":"fr-FR","@id":"https:\/\/www.lifestyle-medicine.fr\/#\/schema\/logo\/image\/","url":"https:\/\/www.lifestyle-medicine.fr\/wp-content\/uploads\/2023\/01\/cropped-ASSOCIATION-LIFESTYLE-MEDICINE-4.png","contentUrl":"https:\/\/www.lifestyle-medicine.fr\/wp-content\/uploads\/2023\/01\/cropped-ASSOCIATION-LIFESTYLE-MEDICINE-4.png","width":331,"height":371,"caption":"Association Lifestyle Medicine France"},"image":{"@id":"https:\/\/www.lifestyle-medicine.fr\/#\/schema\/logo\/image\/"},"sameAs":["https:\/\/x.com\/LifestyleMedFr"]}]}},"_links":{"self":[{"href":"https:\/\/www.lifestyle-medicine.fr\/index.php\/wp-json\/wp\/v2\/pages\/94","targetHints":{"allow":["GET"]}}],"collection":[{"href":"https:\/\/www.lifestyle-medicine.fr\/index.php\/wp-json\/wp\/v2\/pages"}],"about":[{"href":"https:\/\/www.lifestyle-medicine.fr\/index.php\/wp-json\/wp\/v2\/types\/page"}],"author":[{"embeddable":true,"href":"https:\/\/www.lifestyle-medicine.fr\/index.php\/wp-json\/wp\/v2\/users\/1"}],"replies":[{"embeddable":true,"href":"https:\/\/www.lifestyle-medicine.fr\/index.php\/wp-json\/wp\/v2\/comments?post=94"}],"version-history":[{"count":1,"href":"https:\/\/www.lifestyle-medicine.fr\/index.php\/wp-json\/wp\/v2\/pages\/94\/revisions"}],"predecessor-version":[{"id":95,"href":"https:\/\/www.lifestyle-medicine.fr\/index.php\/wp-json\/wp\/v2\/pages\/94\/revisions\/95"}],"wp:attachment":[{"href":"https:\/\/www.lifestyle-medicine.fr\/index.php\/wp-json\/wp\/v2\/media?parent=94"}],"curies":[{"name":"wp","href":"https:\/\/api.w.org\/{rel}","templated":true}]}}