{"id":90,"date":"2023-01-14T14:04:39","date_gmt":"2023-01-14T13:04:39","guid":{"rendered":"https:\/\/www.lifestyle-medicine.fr\/?page_id=90"},"modified":"2023-01-14T14:06:43","modified_gmt":"2023-01-14T13:06:43","slug":"bien-etre-mental","status":"publish","type":"page","link":"https:\/\/www.lifestyle-medicine.fr\/index.php\/bien-etre-mental\/","title":{"rendered":"Bien-\u00eatre mental"},"content":{"rendered":"\n<p>L&rsquo;ALMF pr\u00e9conise l&rsquo;application de connaissances et de techniques \u00e9prouv\u00e9es en mati\u00e8re de m\u00e9decine du mode de vie pour am\u00e9liorer la sant\u00e9 mentale et r\u00e9duire les dommages caus\u00e9s par le stress, l&rsquo;anxi\u00e9t\u00e9 et la d\u00e9pression.<\/p>\n\n\n\n<p>Nous soutenons l&rsquo;utilisation d&rsquo;interventions non pharmaceutiques \u00a0\u00bb ax\u00e9es sur le mode de vie \u00a0\u00bb dans la pr\u00e9vention, le traitement et la gestion de nombreux probl\u00e8mes de sant\u00e9 mentale courants. Cependant, nous reconnaissons que dans le cas de maladies mentales graves, les m\u00e9dicaments ont un r\u00f4le vital \u00e0 jouer dans la gestion et le traitement efficaces.<\/p>\n\n\n\n<p>\u00c0 bien des \u00e9gards, il n&rsquo;y a pas de sant\u00e9 sans sant\u00e9 mentale (Department of Health, 2011). La sant\u00e9 est d\u00e9finie par l&rsquo;Organisation mondiale de la sant\u00e9 comme \u00ab\u00a0un \u00e9tat de complet bien-\u00eatre physique, mental et social, et ne consiste pas seulement en une absence de maladie ou d&rsquo;infirmit\u00e9.\u00a0\u00bb<\/p>\n\n\n\n<p>L&rsquo;ALMF croit que nous avons tous une sant\u00e9 mentale &#8211; et que n&rsquo;importe qui peut souffrir de mauvaise sant\u00e9 mentale au cours de sa vie.<\/p>\n\n\n\n<p>Notre mode de vie, ainsi que les facteurs g\u00e9n\u00e9tiques, socio-\u00e9conomiques et environnementaux, ont tous un impact sur notre sant\u00e9 mentale.<\/p>\n\n\n\n<p>Aucun des six piliers de la m\u00e9decine du mode de vie n&rsquo;existe de mani\u00e8re isol\u00e9e, et la sant\u00e9 mentale ne fait pas exception. En effet, il existe un lien clair et av\u00e9r\u00e9 entre les cinq autres piliers et la sant\u00e9 mentale &#8211; notre alimentation, notre activit\u00e9 physique, la r\u00e9duction des substances nocives, le sommeil et les relations saines.<\/p>\n\n\n\n<p>La m\u00e9decine bas\u00e9e sur le mode de vie reconna\u00eet \u00e9galement que les d\u00e9terminants sociaux de notre sant\u00e9 peuvent aussi contribuer \u00e0 la d\u00e9tresse mentale. Les sentiments de d\u00e9sespoir, la perte de culture, les exp\u00e9riences de racisme et d&rsquo;autres formes de pr\u00e9jug\u00e9s et de discrimination, la pauvret\u00e9, les in\u00e9galit\u00e9s, la mauvaise qualit\u00e9 du logement et de l&rsquo;environnement, le stress chronique et, plus g\u00e9n\u00e9ralement, l&rsquo;injustice sociale, contribuent tous de mani\u00e8re significative aux probl\u00e8mes de sant\u00e9 mentale dans la soci\u00e9t\u00e9. Et il faut agir \u00e0 tous les niveaux pour r\u00e9duire les dommages qu&rsquo;ils causent \u00e0 la sant\u00e9 mentale.<\/p>\n\n\n\n<p>Les causes de nombreux probl\u00e8mes de sant\u00e9 mentale contemporains sont complexes et vari\u00e9es. La mauvaise sant\u00e9 mentale est d\u00e9sormais un \u00e9l\u00e9ment important de la charge mondiale des maladies chroniques. On estime que 264 millions de personnes dans le monde souffrent de la seule d\u00e9pression, qui est la principale cause d&rsquo;invalidit\u00e9 dans le monde (OMS).<\/p>\n\n\n\n<p>Le Covid-19 a augment\u00e9 la pression sur la sant\u00e9 mentale des gens, avec la solitude, l&rsquo;isolement, le chagrin et la perte, tous ayant un impact n\u00e9gatif sur notre bien-\u00eatre psychologique. Dans les premiers mois de la pand\u00e9mie, le Royal College of Psychiatrists a pr\u00e9dit un \u00ab\u00a0tsunami de maladies mentales\u00a0\u00bb.<\/p>\n\n\n\n<p>La m\u00e9decine du mode de vie offre aux gens des options de pr\u00e9vention et de traitement pour am\u00e9liorer leur sant\u00e9 mentale. Elle peut aider chacun d&rsquo;entre nous \u00e0 conserver une bonne sant\u00e9 mentale &#8211; tout en soutenant les personnes souffrant de maladies mentales &#8211; et \u00e0 am\u00e9liorer la sant\u00e9 physique des personnes souffrant de maladies mentales graves, qui pr\u00e9sentent un exc\u00e8s de facteurs de risque cardiom\u00e9taboliques et dont l&rsquo;esp\u00e9rance de vie est r\u00e9duite de 10 \u00e0 20 ans en cons\u00e9quence.<\/p>\n\n\n\n<p>De plus en plus de preuves viennent \u00e9tayer les arguments en faveur des interventions sur le mode de vie pour am\u00e9liorer la sant\u00e9 mentale. Par exemple, des \u00e9tudes ont d\u00e9montr\u00e9 l&rsquo;efficacit\u00e9 d&rsquo;un r\u00e9gime de style m\u00e9diterran\u00e9en \u00e0 base de plantes (essai SMILES, HELFIMED) et de l&rsquo;\u00e9vitement des aliments transform\u00e9s pour le traitement de la d\u00e9pression. D&rsquo;autres ont d\u00e9montr\u00e9 les bienfaits extraordinaires de l&rsquo;activit\u00e9 physique pour notre esprit et notre corps.<\/p>\n\n\n\n<p>L&rsquo;approche de la m\u00e9decine du style de vie part \u00e9galement du principe que le corps et l&rsquo;esprit humains ne sont pas s\u00e9par\u00e9s. Nous croyons que ce qui est bon pour le corps, est bon pour l&rsquo;esprit. L&rsquo;ALMF croit que des concepts tels que l&rsquo;id\u00e9e du dualisme corps-esprit sont d\u00e9pass\u00e9s. Le cerveau et l&rsquo;esprit ne sont pas s\u00e9par\u00e9s, mais font partie d&rsquo;un syst\u00e8me corps-esprit complet. Tout ce qui affecte le corps affecte l&rsquo;esprit et vice-versa.<\/p>\n\n\n\n<p>Enfin, l&rsquo;ALMF salue l&rsquo;engagement r\u00e9cent du gouvernement britannique en faveur d&rsquo;une strat\u00e9gie \u00ab\u00a0No Health Without Mental Health\u00a0\u00bb (pas de sant\u00e9 sans sant\u00e9 mentale), qui repose sur six objectifs visant \u00e0 am\u00e9liorer la sant\u00e9 mentale et le bien-\u00eatre et \u00e0 am\u00e9liorer les r\u00e9sultats pour les personnes souffrant de probl\u00e8mes de sant\u00e9 mentale, ainsi que le nouveau projet de directives NICE pour la d\u00e9pression, qui met l&rsquo;accent sur une approche individualis\u00e9e avec une s\u00e9rie d&rsquo;interventions psychosociales, y compris des exercices de groupe.<\/p>\n\n\n\n<p>Les approches de la sant\u00e9 mentale fond\u00e9es sur la m\u00e9decine du style de vie pr\u00e9conis\u00e9es par l&rsquo;ALMF comprennent \u2026<\/p>\n\n\n\n<pre class=\"wp-block-code\"><code>aider les gens \u00e0 trouver un but et un sens \u00e0 leur vie\nEncourager les gens \u00e0 acc\u00e9der \u00e0 la nature et au plein air.\nle recours \u00e0 des interventions \u00e9prouv\u00e9es, non pharmaceutiques, relevant de la \"psychologie positive\", telles que les pratiques de gratitude, la th\u00e9rapie cognitivo-comportementale et la th\u00e9rapie d'acceptation et d'engagement.<\/code><\/pre>\n\n\n\n<p>Principaux conseils pour am\u00e9liorer la sant\u00e9 mentale<\/p>\n\n\n\n<pre class=\"wp-block-code\"><code>Se d\u00e9connecter pour se connecter - r\u00e9duire le temps pass\u00e9 devant l'\u00e9cran et limiter l'utilisation des m\u00e9dias sociaux, augmenter les liens sociaux significatifs.\nPratiquez la pleine conscience, la m\u00e9ditation, le yoga ou le tai-chi et passez du temps dans la nature pour vous d\u00e9tendre et r\u00e9duire le stress et l'anxi\u00e9t\u00e9.\n\u00c9vitez les habitudes malsaines - nous pensons souvent, \u00e0 tort, que fumer et boire de l'alcool r\u00e9duira le stress, mais \u00e0 long terme, ces substances toxiques nuisent \u00e0 notre sant\u00e9 mentale et physique.\nDormez bien - un sommeil de bonne qualit\u00e9 de sept \u00e0 neuf heures par nuit peut contribuer \u00e0 am\u00e9liorer la sant\u00e9 mentale.\nIl a \u00e9t\u00e9 d\u00e9montr\u00e9 que l'activit\u00e9 physique r\u00e9duit le stress.<\/code><\/pre>\n\n\n\n<p><\/p>\n","protected":false},"excerpt":{"rendered":"<p>L&rsquo;ALMF pr\u00e9conise l&rsquo;application de connaissances et de techniques \u00e9prouv\u00e9es en mati\u00e8re de m\u00e9decine du mode de vie pour am\u00e9liorer la sant\u00e9 mentale et r\u00e9duire les dommages caus\u00e9s par le stress, l&rsquo;anxi\u00e9t\u00e9 et la d\u00e9pression. Nous soutenons l&rsquo;utilisation d&rsquo;interventions non pharmaceutiques \u00a0\u00bb ax\u00e9es sur le mode de vie \u00a0\u00bb dans la pr\u00e9vention, le traitement et la&hellip;&nbsp;<a href=\"https:\/\/www.lifestyle-medicine.fr\/index.php\/bien-etre-mental\/\" rel=\"bookmark\">Lire la suite &raquo;<span class=\"screen-reader-text\">Bien-\u00eatre mental<\/span><\/a><\/p>\n","protected":false},"author":1,"featured_media":0,"parent":0,"menu_order":0,"comment_status":"closed","ping_status":"closed","template":"","meta":{"neve_meta_sidebar":"","neve_meta_container":"","neve_meta_enable_content_width":"","neve_meta_content_width":0,"neve_meta_title_alignment":"","neve_meta_author_avatar":"","neve_post_elements_order":"","neve_meta_disable_header":"","neve_meta_disable_footer":"","neve_meta_disable_title":"","footnotes":""},"class_list":["post-90","page","type-page","status-publish","hentry"],"yoast_head":"<!-- This site is optimized with the Yoast SEO plugin v26.7 - https:\/\/yoast.com\/wordpress\/plugins\/seo\/ -->\n<title>Bien-\u00eatre mental - Association Lifestyle Medicine France<\/title>\n<meta name=\"robots\" content=\"index, follow, max-snippet:-1, max-image-preview:large, max-video-preview:-1\" \/>\n<link rel=\"canonical\" href=\"https:\/\/www.lifestyle-medicine.fr\/index.php\/bien-etre-mental\/\" \/>\n<meta property=\"og:locale\" content=\"fr_FR\" \/>\n<meta property=\"og:type\" content=\"article\" \/>\n<meta property=\"og:title\" content=\"Bien-\u00eatre mental - Association Lifestyle Medicine France\" \/>\n<meta property=\"og:description\" content=\"L&rsquo;ALMF pr\u00e9conise l&rsquo;application de connaissances et de techniques \u00e9prouv\u00e9es en mati\u00e8re de m\u00e9decine du mode de vie pour am\u00e9liorer la sant\u00e9 mentale et r\u00e9duire les dommages caus\u00e9s par le stress, l&rsquo;anxi\u00e9t\u00e9 et la d\u00e9pression. Nous soutenons l&rsquo;utilisation d&rsquo;interventions non pharmaceutiques \u00a0\u00bb ax\u00e9es sur le mode de vie \u00a0\u00bb dans la pr\u00e9vention, le traitement et la&hellip;&nbsp;Lire la suite &raquo;Bien-\u00eatre mental\" \/>\n<meta property=\"og:url\" content=\"https:\/\/www.lifestyle-medicine.fr\/index.php\/bien-etre-mental\/\" \/>\n<meta property=\"og:site_name\" content=\"Association Lifestyle Medicine France\" \/>\n<meta property=\"article:modified_time\" content=\"2023-01-14T13:06:43+00:00\" \/>\n<meta name=\"twitter:card\" content=\"summary_large_image\" \/>\n<meta name=\"twitter:site\" content=\"@LifestyleMedFr\" \/>\n<meta name=\"twitter:label1\" content=\"Dur\u00e9e de lecture estim\u00e9e\" \/>\n\t<meta name=\"twitter:data1\" content=\"5 minutes\" \/>\n<script type=\"application\/ld+json\" class=\"yoast-schema-graph\">{\"@context\":\"https:\/\/schema.org\",\"@graph\":[{\"@type\":\"WebPage\",\"@id\":\"https:\/\/www.lifestyle-medicine.fr\/index.php\/bien-etre-mental\/\",\"url\":\"https:\/\/www.lifestyle-medicine.fr\/index.php\/bien-etre-mental\/\",\"name\":\"Bien-\u00eatre mental - Association Lifestyle Medicine France\",\"isPartOf\":{\"@id\":\"https:\/\/www.lifestyle-medicine.fr\/#website\"},\"datePublished\":\"2023-01-14T13:04:39+00:00\",\"dateModified\":\"2023-01-14T13:06:43+00:00\",\"breadcrumb\":{\"@id\":\"https:\/\/www.lifestyle-medicine.fr\/index.php\/bien-etre-mental\/#breadcrumb\"},\"inLanguage\":\"fr-FR\",\"potentialAction\":[{\"@type\":\"ReadAction\",\"target\":[\"https:\/\/www.lifestyle-medicine.fr\/index.php\/bien-etre-mental\/\"]}]},{\"@type\":\"BreadcrumbList\",\"@id\":\"https:\/\/www.lifestyle-medicine.fr\/index.php\/bien-etre-mental\/#breadcrumb\",\"itemListElement\":[{\"@type\":\"ListItem\",\"position\":1,\"name\":\"Accueil\",\"item\":\"https:\/\/www.lifestyle-medicine.fr\/\"},{\"@type\":\"ListItem\",\"position\":2,\"name\":\"Bien-\u00eatre mental\"}]},{\"@type\":\"WebSite\",\"@id\":\"https:\/\/www.lifestyle-medicine.fr\/#website\",\"url\":\"https:\/\/www.lifestyle-medicine.fr\/\",\"name\":\"Association Lifestyle Medicine France\",\"description\":\"\",\"publisher\":{\"@id\":\"https:\/\/www.lifestyle-medicine.fr\/#organization\"},\"potentialAction\":[{\"@type\":\"SearchAction\",\"target\":{\"@type\":\"EntryPoint\",\"urlTemplate\":\"https:\/\/www.lifestyle-medicine.fr\/?s={search_term_string}\"},\"query-input\":{\"@type\":\"PropertyValueSpecification\",\"valueRequired\":true,\"valueName\":\"search_term_string\"}}],\"inLanguage\":\"fr-FR\"},{\"@type\":\"Organization\",\"@id\":\"https:\/\/www.lifestyle-medicine.fr\/#organization\",\"name\":\"Association Lifestyle Medicine France\",\"url\":\"https:\/\/www.lifestyle-medicine.fr\/\",\"logo\":{\"@type\":\"ImageObject\",\"inLanguage\":\"fr-FR\",\"@id\":\"https:\/\/www.lifestyle-medicine.fr\/#\/schema\/logo\/image\/\",\"url\":\"https:\/\/www.lifestyle-medicine.fr\/wp-content\/uploads\/2023\/01\/cropped-ASSOCIATION-LIFESTYLE-MEDICINE-4.png\",\"contentUrl\":\"https:\/\/www.lifestyle-medicine.fr\/wp-content\/uploads\/2023\/01\/cropped-ASSOCIATION-LIFESTYLE-MEDICINE-4.png\",\"width\":331,\"height\":371,\"caption\":\"Association Lifestyle Medicine France\"},\"image\":{\"@id\":\"https:\/\/www.lifestyle-medicine.fr\/#\/schema\/logo\/image\/\"},\"sameAs\":[\"https:\/\/x.com\/LifestyleMedFr\"]}]}<\/script>\n<!-- \/ Yoast SEO plugin. -->","yoast_head_json":{"title":"Bien-\u00eatre mental - Association Lifestyle Medicine France","robots":{"index":"index","follow":"follow","max-snippet":"max-snippet:-1","max-image-preview":"max-image-preview:large","max-video-preview":"max-video-preview:-1"},"canonical":"https:\/\/www.lifestyle-medicine.fr\/index.php\/bien-etre-mental\/","og_locale":"fr_FR","og_type":"article","og_title":"Bien-\u00eatre mental - Association Lifestyle Medicine France","og_description":"L&rsquo;ALMF pr\u00e9conise l&rsquo;application de connaissances et de techniques \u00e9prouv\u00e9es en mati\u00e8re de m\u00e9decine du mode de vie pour am\u00e9liorer la sant\u00e9 mentale et r\u00e9duire les dommages caus\u00e9s par le stress, l&rsquo;anxi\u00e9t\u00e9 et la d\u00e9pression. Nous soutenons l&rsquo;utilisation d&rsquo;interventions non pharmaceutiques \u00a0\u00bb ax\u00e9es sur le mode de vie \u00a0\u00bb dans la pr\u00e9vention, le traitement et la&hellip;&nbsp;Lire la suite &raquo;Bien-\u00eatre mental","og_url":"https:\/\/www.lifestyle-medicine.fr\/index.php\/bien-etre-mental\/","og_site_name":"Association Lifestyle Medicine France","article_modified_time":"2023-01-14T13:06:43+00:00","twitter_card":"summary_large_image","twitter_site":"@LifestyleMedFr","twitter_misc":{"Dur\u00e9e de lecture estim\u00e9e":"5 minutes"},"schema":{"@context":"https:\/\/schema.org","@graph":[{"@type":"WebPage","@id":"https:\/\/www.lifestyle-medicine.fr\/index.php\/bien-etre-mental\/","url":"https:\/\/www.lifestyle-medicine.fr\/index.php\/bien-etre-mental\/","name":"Bien-\u00eatre mental - Association Lifestyle Medicine France","isPartOf":{"@id":"https:\/\/www.lifestyle-medicine.fr\/#website"},"datePublished":"2023-01-14T13:04:39+00:00","dateModified":"2023-01-14T13:06:43+00:00","breadcrumb":{"@id":"https:\/\/www.lifestyle-medicine.fr\/index.php\/bien-etre-mental\/#breadcrumb"},"inLanguage":"fr-FR","potentialAction":[{"@type":"ReadAction","target":["https:\/\/www.lifestyle-medicine.fr\/index.php\/bien-etre-mental\/"]}]},{"@type":"BreadcrumbList","@id":"https:\/\/www.lifestyle-medicine.fr\/index.php\/bien-etre-mental\/#breadcrumb","itemListElement":[{"@type":"ListItem","position":1,"name":"Accueil","item":"https:\/\/www.lifestyle-medicine.fr\/"},{"@type":"ListItem","position":2,"name":"Bien-\u00eatre mental"}]},{"@type":"WebSite","@id":"https:\/\/www.lifestyle-medicine.fr\/#website","url":"https:\/\/www.lifestyle-medicine.fr\/","name":"Association Lifestyle Medicine France","description":"","publisher":{"@id":"https:\/\/www.lifestyle-medicine.fr\/#organization"},"potentialAction":[{"@type":"SearchAction","target":{"@type":"EntryPoint","urlTemplate":"https:\/\/www.lifestyle-medicine.fr\/?s={search_term_string}"},"query-input":{"@type":"PropertyValueSpecification","valueRequired":true,"valueName":"search_term_string"}}],"inLanguage":"fr-FR"},{"@type":"Organization","@id":"https:\/\/www.lifestyle-medicine.fr\/#organization","name":"Association Lifestyle Medicine France","url":"https:\/\/www.lifestyle-medicine.fr\/","logo":{"@type":"ImageObject","inLanguage":"fr-FR","@id":"https:\/\/www.lifestyle-medicine.fr\/#\/schema\/logo\/image\/","url":"https:\/\/www.lifestyle-medicine.fr\/wp-content\/uploads\/2023\/01\/cropped-ASSOCIATION-LIFESTYLE-MEDICINE-4.png","contentUrl":"https:\/\/www.lifestyle-medicine.fr\/wp-content\/uploads\/2023\/01\/cropped-ASSOCIATION-LIFESTYLE-MEDICINE-4.png","width":331,"height":371,"caption":"Association Lifestyle Medicine France"},"image":{"@id":"https:\/\/www.lifestyle-medicine.fr\/#\/schema\/logo\/image\/"},"sameAs":["https:\/\/x.com\/LifestyleMedFr"]}]}},"_links":{"self":[{"href":"https:\/\/www.lifestyle-medicine.fr\/index.php\/wp-json\/wp\/v2\/pages\/90","targetHints":{"allow":["GET"]}}],"collection":[{"href":"https:\/\/www.lifestyle-medicine.fr\/index.php\/wp-json\/wp\/v2\/pages"}],"about":[{"href":"https:\/\/www.lifestyle-medicine.fr\/index.php\/wp-json\/wp\/v2\/types\/page"}],"author":[{"embeddable":true,"href":"https:\/\/www.lifestyle-medicine.fr\/index.php\/wp-json\/wp\/v2\/users\/1"}],"replies":[{"embeddable":true,"href":"https:\/\/www.lifestyle-medicine.fr\/index.php\/wp-json\/wp\/v2\/comments?post=90"}],"version-history":[{"count":2,"href":"https:\/\/www.lifestyle-medicine.fr\/index.php\/wp-json\/wp\/v2\/pages\/90\/revisions"}],"predecessor-version":[{"id":93,"href":"https:\/\/www.lifestyle-medicine.fr\/index.php\/wp-json\/wp\/v2\/pages\/90\/revisions\/93"}],"wp:attachment":[{"href":"https:\/\/www.lifestyle-medicine.fr\/index.php\/wp-json\/wp\/v2\/media?parent=90"}],"curies":[{"name":"wp","href":"https:\/\/api.w.org\/{rel}","templated":true}]}}