{"id":166,"date":"2023-03-15T18:49:36","date_gmt":"2023-03-15T17:49:36","guid":{"rendered":"https:\/\/www.lifestyle-medicine.fr\/?page_id=166"},"modified":"2023-03-15T18:49:37","modified_gmt":"2023-03-15T17:49:37","slug":"pourquoi-devenir-membre","status":"publish","type":"page","link":"https:\/\/www.lifestyle-medicine.fr\/index.php\/pourquoi-devenir-membre\/","title":{"rendered":"Pourquoi devenir membre ?"},"content":{"rendered":"\n<p>Vous souhaitez en apprendre davantage sur une nouvelle approche des soins ?<\/p>\n\n\n\n<p>Vous souhaitez en apprendre davantage sur des techniques non m\u00e9dicamenteuse, autant pr\u00e9ventives que curatives, pour vous m\u00eame et pour vos patient-es ?<\/p>\n\n\n\n<p>Vous souhaitez d\u00e9velopper vos comp\u00e9tences pour partager avec vos patient-es des techniques fond\u00e9es sur des preuves et accompagner des changements de sant\u00e9 ?<\/p>\n\n\n\n<p>Vous souhaitez \u00e9changer avec des profesionnel-les de sant\u00e9 qui partagent vos valeurs ?<\/p>\n\n\n\n<p>Vous n&rsquo;\u00eates pas professionnel-les de sant\u00e9 mais vous souhaitez soutenir nos actions ?<\/p>\n\n\n\n<p>Alors venez nous rejoindre !<\/p>\n","protected":false},"excerpt":{"rendered":"<p>Vous souhaitez en apprendre davantage sur une nouvelle approche des soins ? Vous souhaitez en apprendre davantage sur des techniques non m\u00e9dicamenteuse, autant pr\u00e9ventives que curatives, pour vous m\u00eame et pour vos patient-es ? Vous souhaitez d\u00e9velopper vos comp\u00e9tences pour partager avec vos patient-es des techniques fond\u00e9es sur des preuves et accompagner des changements de&hellip;&nbsp;<a href=\"https:\/\/www.lifestyle-medicine.fr\/index.php\/pourquoi-devenir-membre\/\" rel=\"bookmark\">Lire la suite &raquo;<span class=\"screen-reader-text\">Pourquoi devenir membre ?<\/span><\/a><\/p>\n","protected":false},"author":1,"featured_media":0,"parent":0,"menu_order":0,"comment_status":"closed","ping_status":"closed","template":"","meta":{"neve_meta_sidebar":"","neve_meta_container":"","neve_meta_enable_content_width":"","neve_meta_content_width":0,"neve_meta_title_alignment":"","neve_meta_author_avatar":"","neve_post_elements_order":"","neve_meta_disable_header":"","neve_meta_disable_footer":"","neve_meta_disable_title":"","footnotes":""},"class_list":["post-166","page","type-page","status-publish","hentry"],"yoast_head":"<!-- This site is optimized with the Yoast SEO plugin v26.7 - https:\/\/yoast.com\/wordpress\/plugins\/seo\/ -->\n<title>Pourquoi devenir membre ? - Association Lifestyle Medicine France<\/title>\n<meta name=\"robots\" content=\"index, follow, max-snippet:-1, max-image-preview:large, max-video-preview:-1\" \/>\n<link rel=\"canonical\" href=\"https:\/\/www.lifestyle-medicine.fr\/index.php\/pourquoi-devenir-membre\/\" \/>\n<meta property=\"og:locale\" content=\"fr_FR\" \/>\n<meta property=\"og:type\" content=\"article\" \/>\n<meta property=\"og:title\" content=\"Pourquoi devenir membre ? - Association Lifestyle Medicine France\" \/>\n<meta property=\"og:description\" content=\"Vous souhaitez en apprendre davantage sur une nouvelle approche des soins ? Vous souhaitez en apprendre davantage sur des techniques non m\u00e9dicamenteuse, autant pr\u00e9ventives que curatives, pour vous m\u00eame et pour vos patient-es ? Vous souhaitez d\u00e9velopper vos comp\u00e9tences pour partager avec vos patient-es des techniques fond\u00e9es sur des preuves et accompagner des changements de&hellip;&nbsp;Lire la suite &raquo;Pourquoi devenir membre ?\" \/>\n<meta property=\"og:url\" content=\"https:\/\/www.lifestyle-medicine.fr\/index.php\/pourquoi-devenir-membre\/\" \/>\n<meta property=\"og:site_name\" content=\"Association Lifestyle Medicine France\" \/>\n<meta property=\"article:modified_time\" content=\"2023-03-15T17:49:37+00:00\" \/>\n<meta name=\"twitter:card\" content=\"summary_large_image\" \/>\n<meta name=\"twitter:site\" content=\"@LifestyleMedFr\" \/>\n<meta name=\"twitter:label1\" content=\"Dur\u00e9e de lecture estim\u00e9e\" \/>\n\t<meta name=\"twitter:data1\" content=\"1 minute\" \/>\n<script type=\"application\/ld+json\" class=\"yoast-schema-graph\">{\"@context\":\"https:\/\/schema.org\",\"@graph\":[{\"@type\":\"WebPage\",\"@id\":\"https:\/\/www.lifestyle-medicine.fr\/index.php\/pourquoi-devenir-membre\/\",\"url\":\"https:\/\/www.lifestyle-medicine.fr\/index.php\/pourquoi-devenir-membre\/\",\"name\":\"Pourquoi devenir membre ? - Association Lifestyle Medicine France\",\"isPartOf\":{\"@id\":\"https:\/\/www.lifestyle-medicine.fr\/#website\"},\"datePublished\":\"2023-03-15T17:49:36+00:00\",\"dateModified\":\"2023-03-15T17:49:37+00:00\",\"breadcrumb\":{\"@id\":\"https:\/\/www.lifestyle-medicine.fr\/index.php\/pourquoi-devenir-membre\/#breadcrumb\"},\"inLanguage\":\"fr-FR\",\"potentialAction\":[{\"@type\":\"ReadAction\",\"target\":[\"https:\/\/www.lifestyle-medicine.fr\/index.php\/pourquoi-devenir-membre\/\"]}]},{\"@type\":\"BreadcrumbList\",\"@id\":\"https:\/\/www.lifestyle-medicine.fr\/index.php\/pourquoi-devenir-membre\/#breadcrumb\",\"itemListElement\":[{\"@type\":\"ListItem\",\"position\":1,\"name\":\"Accueil\",\"item\":\"https:\/\/www.lifestyle-medicine.fr\/\"},{\"@type\":\"ListItem\",\"position\":2,\"name\":\"Pourquoi devenir membre ?\"}]},{\"@type\":\"WebSite\",\"@id\":\"https:\/\/www.lifestyle-medicine.fr\/#website\",\"url\":\"https:\/\/www.lifestyle-medicine.fr\/\",\"name\":\"Association Lifestyle Medicine France\",\"description\":\"\",\"publisher\":{\"@id\":\"https:\/\/www.lifestyle-medicine.fr\/#organization\"},\"potentialAction\":[{\"@type\":\"SearchAction\",\"target\":{\"@type\":\"EntryPoint\",\"urlTemplate\":\"https:\/\/www.lifestyle-medicine.fr\/?s={search_term_string}\"},\"query-input\":{\"@type\":\"PropertyValueSpecification\",\"valueRequired\":true,\"valueName\":\"search_term_string\"}}],\"inLanguage\":\"fr-FR\"},{\"@type\":\"Organization\",\"@id\":\"https:\/\/www.lifestyle-medicine.fr\/#organization\",\"name\":\"Association Lifestyle Medicine France\",\"url\":\"https:\/\/www.lifestyle-medicine.fr\/\",\"logo\":{\"@type\":\"ImageObject\",\"inLanguage\":\"fr-FR\",\"@id\":\"https:\/\/www.lifestyle-medicine.fr\/#\/schema\/logo\/image\/\",\"url\":\"https:\/\/www.lifestyle-medicine.fr\/wp-content\/uploads\/2023\/01\/cropped-ASSOCIATION-LIFESTYLE-MEDICINE-4.png\",\"contentUrl\":\"https:\/\/www.lifestyle-medicine.fr\/wp-content\/uploads\/2023\/01\/cropped-ASSOCIATION-LIFESTYLE-MEDICINE-4.png\",\"width\":331,\"height\":371,\"caption\":\"Association Lifestyle Medicine France\"},\"image\":{\"@id\":\"https:\/\/www.lifestyle-medicine.fr\/#\/schema\/logo\/image\/\"},\"sameAs\":[\"https:\/\/x.com\/LifestyleMedFr\"]}]}<\/script>\n<!-- \/ Yoast SEO plugin. -->","yoast_head_json":{"title":"Pourquoi devenir membre ? - Association Lifestyle Medicine France","robots":{"index":"index","follow":"follow","max-snippet":"max-snippet:-1","max-image-preview":"max-image-preview:large","max-video-preview":"max-video-preview:-1"},"canonical":"https:\/\/www.lifestyle-medicine.fr\/index.php\/pourquoi-devenir-membre\/","og_locale":"fr_FR","og_type":"article","og_title":"Pourquoi devenir membre ? - Association Lifestyle Medicine France","og_description":"Vous souhaitez en apprendre davantage sur une nouvelle approche des soins ? Vous souhaitez en apprendre davantage sur des techniques non m\u00e9dicamenteuse, autant pr\u00e9ventives que curatives, pour vous m\u00eame et pour vos patient-es ? Vous souhaitez d\u00e9velopper vos comp\u00e9tences pour partager avec vos patient-es des techniques fond\u00e9es sur des preuves et accompagner des changements de&hellip;&nbsp;Lire la suite &raquo;Pourquoi devenir membre ?","og_url":"https:\/\/www.lifestyle-medicine.fr\/index.php\/pourquoi-devenir-membre\/","og_site_name":"Association Lifestyle Medicine France","article_modified_time":"2023-03-15T17:49:37+00:00","twitter_card":"summary_large_image","twitter_site":"@LifestyleMedFr","twitter_misc":{"Dur\u00e9e de lecture estim\u00e9e":"1 minute"},"schema":{"@context":"https:\/\/schema.org","@graph":[{"@type":"WebPage","@id":"https:\/\/www.lifestyle-medicine.fr\/index.php\/pourquoi-devenir-membre\/","url":"https:\/\/www.lifestyle-medicine.fr\/index.php\/pourquoi-devenir-membre\/","name":"Pourquoi devenir membre ? - Association Lifestyle Medicine France","isPartOf":{"@id":"https:\/\/www.lifestyle-medicine.fr\/#website"},"datePublished":"2023-03-15T17:49:36+00:00","dateModified":"2023-03-15T17:49:37+00:00","breadcrumb":{"@id":"https:\/\/www.lifestyle-medicine.fr\/index.php\/pourquoi-devenir-membre\/#breadcrumb"},"inLanguage":"fr-FR","potentialAction":[{"@type":"ReadAction","target":["https:\/\/www.lifestyle-medicine.fr\/index.php\/pourquoi-devenir-membre\/"]}]},{"@type":"BreadcrumbList","@id":"https:\/\/www.lifestyle-medicine.fr\/index.php\/pourquoi-devenir-membre\/#breadcrumb","itemListElement":[{"@type":"ListItem","position":1,"name":"Accueil","item":"https:\/\/www.lifestyle-medicine.fr\/"},{"@type":"ListItem","position":2,"name":"Pourquoi devenir membre ?"}]},{"@type":"WebSite","@id":"https:\/\/www.lifestyle-medicine.fr\/#website","url":"https:\/\/www.lifestyle-medicine.fr\/","name":"Association Lifestyle Medicine France","description":"","publisher":{"@id":"https:\/\/www.lifestyle-medicine.fr\/#organization"},"potentialAction":[{"@type":"SearchAction","target":{"@type":"EntryPoint","urlTemplate":"https:\/\/www.lifestyle-medicine.fr\/?s={search_term_string}"},"query-input":{"@type":"PropertyValueSpecification","valueRequired":true,"valueName":"search_term_string"}}],"inLanguage":"fr-FR"},{"@type":"Organization","@id":"https:\/\/www.lifestyle-medicine.fr\/#organization","name":"Association Lifestyle Medicine France","url":"https:\/\/www.lifestyle-medicine.fr\/","logo":{"@type":"ImageObject","inLanguage":"fr-FR","@id":"https:\/\/www.lifestyle-medicine.fr\/#\/schema\/logo\/image\/","url":"https:\/\/www.lifestyle-medicine.fr\/wp-content\/uploads\/2023\/01\/cropped-ASSOCIATION-LIFESTYLE-MEDICINE-4.png","contentUrl":"https:\/\/www.lifestyle-medicine.fr\/wp-content\/uploads\/2023\/01\/cropped-ASSOCIATION-LIFESTYLE-MEDICINE-4.png","width":331,"height":371,"caption":"Association Lifestyle Medicine France"},"image":{"@id":"https:\/\/www.lifestyle-medicine.fr\/#\/schema\/logo\/image\/"},"sameAs":["https:\/\/x.com\/LifestyleMedFr"]}]}},"_links":{"self":[{"href":"https:\/\/www.lifestyle-medicine.fr\/index.php\/wp-json\/wp\/v2\/pages\/166","targetHints":{"allow":["GET"]}}],"collection":[{"href":"https:\/\/www.lifestyle-medicine.fr\/index.php\/wp-json\/wp\/v2\/pages"}],"about":[{"href":"https:\/\/www.lifestyle-medicine.fr\/index.php\/wp-json\/wp\/v2\/types\/page"}],"author":[{"embeddable":true,"href":"https:\/\/www.lifestyle-medicine.fr\/index.php\/wp-json\/wp\/v2\/users\/1"}],"replies":[{"embeddable":true,"href":"https:\/\/www.lifestyle-medicine.fr\/index.php\/wp-json\/wp\/v2\/comments?post=166"}],"version-history":[{"count":1,"href":"https:\/\/www.lifestyle-medicine.fr\/index.php\/wp-json\/wp\/v2\/pages\/166\/revisions"}],"predecessor-version":[{"id":167,"href":"https:\/\/www.lifestyle-medicine.fr\/index.php\/wp-json\/wp\/v2\/pages\/166\/revisions\/167"}],"wp:attachment":[{"href":"https:\/\/www.lifestyle-medicine.fr\/index.php\/wp-json\/wp\/v2\/media?parent=166"}],"curies":[{"name":"wp","href":"https:\/\/api.w.org\/{rel}","templated":true}]}}