{"id":132,"date":"2023-02-28T01:06:18","date_gmt":"2023-02-28T00:06:18","guid":{"rendered":"https:\/\/www.lifestyle-medicine.fr\/?page_id=132"},"modified":"2023-02-28T01:06:18","modified_gmt":"2023-02-28T00:06:18","slug":"les-determinants-socioeconomiques-de-la-sante","status":"publish","type":"page","link":"https:\/\/www.lifestyle-medicine.fr\/index.php\/les-determinants-socioeconomiques-de-la-sante\/","title":{"rendered":"Les d\u00e9terminants socio\u00e9conomiques de la sant\u00e9"},"content":{"rendered":"\n<figure class=\"wp-block-image size-full\"><img loading=\"lazy\" decoding=\"async\" width=\"1004\" height=\"689\" src=\"https:\/\/www.lifestyle-medicine.fr\/wp-content\/uploads\/2023\/02\/socioeconomic-building.jpg\" alt=\"\" class=\"wp-image-133\" srcset=\"https:\/\/www.lifestyle-medicine.fr\/wp-content\/uploads\/2023\/02\/socioeconomic-building.jpg 1004w, https:\/\/www.lifestyle-medicine.fr\/wp-content\/uploads\/2023\/02\/socioeconomic-building-300x206.jpg 300w, https:\/\/www.lifestyle-medicine.fr\/wp-content\/uploads\/2023\/02\/socioeconomic-building-768x527.jpg 768w\" sizes=\"auto, (max-width: 1004px) 100vw, 1004px\" \/><\/figure>\n\n\n\n<p>La m\u00e9decine du mode de vie d\u00e9crit le r\u00f4le que les praticiens et les professionnels de la sant\u00e9 peuvent jouer lors d&rsquo;une consultation avec un patient ou un petit groupe pour soutenir des changements de mode de vie sains.<\/p>\n\n\n\n<p>Cependant, le moyen le plus efficace d&rsquo;aider les gens \u00e0 mener une vie saine est de nous donner \u00e0 tous la possibilit\u00e9 de le faire facilement.&nbsp;En d&rsquo;autres termes, nous avons besoin que les d\u00e9cideurs politiques, le gouvernement, les conseils locaux, les employeurs et les \u00e9quipes de sant\u00e9 publique am\u00e9liorent l&rsquo;acc\u00e8s \u00e0 des aliments sains, \u00e0 des espaces verts, \u00e0 des endroits s\u00fbrs pour \u00eatre actifs et rencontrer d&rsquo;autres personnes, \u00e0 des moyens de maintenir la vie de famille, \u00e0 arr\u00eater de fumer et \u00e0 \u00e9viter la pollution par exemple.&nbsp;C&rsquo;est pourquoi la connaissance et l&rsquo;action pour soutenir les d\u00e9terminants socio-\u00e9conomiques de la sant\u00e9 constituent le premier principe de la m\u00e9decine du mode de vie.<\/p>\n\n\n\n<p>Bien que les cliniciens dans leurs consultations ne puissent pas facilement am\u00e9liorer leur environnement local et les facteurs sociaux en jeu, nous pouvons toujours utiliser notre influence au sein de nos communaut\u00e9s pour pousser \u00e0 l&rsquo;action pour am\u00e9liorer ces facteurs environnementaux et sociaux.\u00a0Il existe \u00e9galement de nombreuses fa\u00e7ons de soutenir les patients avec les d\u00e9terminants plus larges de la sant\u00e9, m\u00eame lors d&rsquo;une consultation, par exemple en am\u00e9liorant l&rsquo;acc\u00e8s pour les personnes handicap\u00e9es ou les obstacles aux soins de sant\u00e9, en utilisant des exercices sur ordonnance, des bons alimentaires, un certificat de maladie, des lettres aux employ\u00e9s, un soutien chercher des avantages et ainsi de suite.<\/p>\n\n\n\n<blockquote class=\"wp-block-quote is-layout-flow wp-block-quote-is-layout-flow\">\n<h5 class=\"wp-block-heading\">\u00ab\u00a0Les d\u00e9terminants socio-\u00e9conomiques de la sant\u00e9 sont les conditions dans lesquelles les gens naissent, grandissent, vivent, travaillent et vieillissent et les moteurs fondamentaux de ces conditions\u00a0\u00bb<\/h5>\n\n\n\n<p><\/p>\n<cite>\u2013 Commission de l&rsquo;OMS sur les d\u00e9terminants sociaux de la sant\u00e9 2005-8<\/cite><\/blockquote>\n\n\n\n<p>Ces d\u00e9terminants socio-\u00e9conomiques peuvent \u00e9galement \u00eatre appel\u00e9s \u00ab d\u00e9terminants en amont \u00bb, \u00ab causes des causes \u00bb ou \u00ab d\u00e9terminants sociaux de la sant\u00e9 \u00bb.<\/p>\n\n\n\n<figure class=\"wp-block-image size-full\"><img loading=\"lazy\" decoding=\"async\" width=\"665\" height=\"401\" src=\"https:\/\/www.lifestyle-medicine.fr\/wp-content\/uploads\/2023\/02\/socioeconomic-diagram.jpg\" alt=\"\" class=\"wp-image-134\" srcset=\"https:\/\/www.lifestyle-medicine.fr\/wp-content\/uploads\/2023\/02\/socioeconomic-diagram.jpg 665w, https:\/\/www.lifestyle-medicine.fr\/wp-content\/uploads\/2023\/02\/socioeconomic-diagram-300x181.jpg 300w\" sizes=\"auto, (max-width: 665px) 100vw, 665px\" \/><\/figure>\n\n\n\n<blockquote class=\"wp-block-quote is-layout-flow wp-block-quote-is-layout-flow\">\n<p>\u00ab\u00a0Nous savons que les soins de sant\u00e9 ont beaucoup moins d&rsquo;impact sur la sant\u00e9 des gens que d&rsquo;autres facteurs\u00a0\u00bb<\/p>\n<cite>\u2013 Dr Jennifer Dixon, directrice g\u00e9n\u00e9rale de la Health Foundation<br><\/cite><\/blockquote>\n\n\n\n<blockquote class=\"wp-block-quote is-layout-flow wp-block-quote-is-layout-flow\">\n<p>\u00ab La sant\u00e9 est trop importante pour \u00eatre laiss\u00e9e uniquement aux m\u00e9decins.\u00a0La sant\u00e9 est li\u00e9e non seulement \u00e0 l&rsquo;acc\u00e8s aux solutions techniques, mais aussi \u00e0 la nature de la soci\u00e9t\u00e9.<\/p>\n<cite>\u2013 Professeur Michael Marmot, The Health Gap<br><\/cite><\/blockquote>\n\n\n\n<p>Les preuves sugg\u00e8rent que donner des conseils simples sur le mode de vie, en particulier par le biais de campagnes d&rsquo;\u00e9ducation de masse en mati\u00e8re de sant\u00e9 publique, a souvent peu d&rsquo;impact sur les comportements li\u00e9s au mode de vie.&nbsp;Lifestyle Medicine adopte une approche diff\u00e9rente des simples conseils ou des campagnes g\u00e9n\u00e9ralis\u00e9es de masse.<\/p>\n\n\n\n<p>En tant que discipline, il enseigne aux praticiens \u00e0 consid\u00e9rer les facteurs plus larges de la vie des gens en utilisant une approche centr\u00e9e sur la personne.\u00a0Des comp\u00e9tences individualis\u00e9es en mati\u00e8re de changement de comportement sont utilis\u00e9es lors d&rsquo;une consultation pour aider les personnes \u00e0 modifier leur mode de vie, malgr\u00e9 les d\u00e9fis auxquels elles sont confront\u00e9es.<\/p>\n\n\n\n<blockquote class=\"wp-block-quote is-layout-flow wp-block-quote-is-layout-flow\">\n<p>La m\u00e9decine du mode de vie est une comp\u00e9tence clinique, pas un outil politique<\/p>\n<\/blockquote>\n\n\n\n<p>La m\u00e9decine du mode de vie est une comp\u00e9tence clinique \u00e0 utiliser en t\u00eate-\u00e0-t\u00eate ou en petits groupes.&nbsp;Une politique de sant\u00e9 fond\u00e9e sur un postulat de libre choix en mati\u00e8re de mode de vie risque de ne pas agir pour permettre \u00e0 chacun de vivre sainement.<\/p>\n\n\n\n<p>La m\u00e9decine du mode de vie utilise \u00e9galement une approche centr\u00e9e sur la personne, en se concentrant sur les besoins de la personne devant le praticien&nbsp;;&nbsp;cela inclut les besoins sociaux et \u00e9conomiques de la personne.<\/p>\n\n\n\n<p>En consultation, la possibilit\u00e9 d&rsquo;utiliser les approches de la m\u00e9decine de l&rsquo;hygi\u00e8ne de vie doit \u00eatre propos\u00e9e \u00e0 toutes les personnes qui souhaitent b\u00e9n\u00e9ficier de cet accompagnement.&nbsp;Certaines personnes auront besoin de plus de soutien que d&rsquo;autres.&nbsp;Travailler avec des donn\u00e9es sur la sant\u00e9 de la population peut aider \u00e0 identifier les groupes qui pourraient avoir besoin de plus de soutien.<\/p>\n\n\n\n<blockquote class=\"wp-block-quote is-layout-flow wp-block-quote-is-layout-flow\">\n<p>Les d\u00e9terminants socio-\u00e9conomiques de la sant\u00e9 sont les conditions dans lesquelles les gens naissent, grandissent, vivent, travaillent et vieillissent \u00bb et les \u00ab moteurs fondamentaux de ces conditions \u00bb<\/p>\n<cite>&#8211; COMMISSION OMS DES D\u00c9TERMINANTS SOCIAUX DE LA SANT\u00c9 2005-8<br><\/cite><\/blockquote>\n","protected":false},"excerpt":{"rendered":"<p>La m\u00e9decine du mode de vie d\u00e9crit le r\u00f4le que les praticiens et les professionnels de la sant\u00e9 peuvent jouer lors d&rsquo;une consultation avec un patient ou un petit groupe pour soutenir des changements de mode de vie sains. Cependant, le moyen le plus efficace d&rsquo;aider les gens \u00e0 mener une vie saine est de&hellip;&nbsp;<a href=\"https:\/\/www.lifestyle-medicine.fr\/index.php\/les-determinants-socioeconomiques-de-la-sante\/\" rel=\"bookmark\">Lire la suite &raquo;<span class=\"screen-reader-text\">Les d\u00e9terminants socio\u00e9conomiques de la sant\u00e9<\/span><\/a><\/p>\n","protected":false},"author":1,"featured_media":0,"parent":0,"menu_order":0,"comment_status":"closed","ping_status":"closed","template":"","meta":{"neve_meta_sidebar":"","neve_meta_container":"","neve_meta_enable_content_width":"","neve_meta_content_width":0,"neve_meta_title_alignment":"","neve_meta_author_avatar":"","neve_post_elements_order":"","neve_meta_disable_header":"","neve_meta_disable_footer":"","neve_meta_disable_title":"","footnotes":""},"class_list":["post-132","page","type-page","status-publish","hentry"],"yoast_head":"<!-- This site is optimized with the Yoast SEO plugin v26.7 - https:\/\/yoast.com\/wordpress\/plugins\/seo\/ -->\n<title>Les d\u00e9terminants socio\u00e9conomiques de la sant\u00e9 - Association Lifestyle Medicine France<\/title>\n<meta name=\"robots\" content=\"index, follow, max-snippet:-1, max-image-preview:large, max-video-preview:-1\" \/>\n<link rel=\"canonical\" href=\"https:\/\/www.lifestyle-medicine.fr\/index.php\/les-determinants-socioeconomiques-de-la-sante\/\" \/>\n<meta property=\"og:locale\" content=\"fr_FR\" \/>\n<meta property=\"og:type\" content=\"article\" \/>\n<meta property=\"og:title\" content=\"Les d\u00e9terminants socio\u00e9conomiques de la sant\u00e9 - Association Lifestyle Medicine France\" \/>\n<meta property=\"og:description\" content=\"La m\u00e9decine du mode de vie d\u00e9crit le r\u00f4le que les praticiens et les professionnels de la sant\u00e9 peuvent jouer lors d&rsquo;une consultation avec un patient ou un petit groupe pour soutenir des changements de mode de vie sains. Cependant, le moyen le plus efficace d&rsquo;aider les gens \u00e0 mener une vie saine est de&hellip;&nbsp;Lire la suite &raquo;Les d\u00e9terminants socio\u00e9conomiques de la sant\u00e9\" \/>\n<meta property=\"og:url\" content=\"https:\/\/www.lifestyle-medicine.fr\/index.php\/les-determinants-socioeconomiques-de-la-sante\/\" \/>\n<meta property=\"og:site_name\" content=\"Association Lifestyle Medicine France\" \/>\n<meta property=\"og:image\" content=\"https:\/\/www.lifestyle-medicine.fr\/wp-content\/uploads\/2023\/02\/socioeconomic-building.jpg\" \/>\n<meta name=\"twitter:card\" content=\"summary_large_image\" \/>\n<meta name=\"twitter:site\" content=\"@LifestyleMedFr\" \/>\n<meta name=\"twitter:label1\" content=\"Dur\u00e9e de lecture estim\u00e9e\" \/>\n\t<meta name=\"twitter:data1\" content=\"4 minutes\" \/>\n<script type=\"application\/ld+json\" class=\"yoast-schema-graph\">{\"@context\":\"https:\/\/schema.org\",\"@graph\":[{\"@type\":\"WebPage\",\"@id\":\"https:\/\/www.lifestyle-medicine.fr\/index.php\/les-determinants-socioeconomiques-de-la-sante\/\",\"url\":\"https:\/\/www.lifestyle-medicine.fr\/index.php\/les-determinants-socioeconomiques-de-la-sante\/\",\"name\":\"Les d\u00e9terminants socio\u00e9conomiques de la sant\u00e9 - Association Lifestyle Medicine France\",\"isPartOf\":{\"@id\":\"https:\/\/www.lifestyle-medicine.fr\/#website\"},\"primaryImageOfPage\":{\"@id\":\"https:\/\/www.lifestyle-medicine.fr\/index.php\/les-determinants-socioeconomiques-de-la-sante\/#primaryimage\"},\"image\":{\"@id\":\"https:\/\/www.lifestyle-medicine.fr\/index.php\/les-determinants-socioeconomiques-de-la-sante\/#primaryimage\"},\"thumbnailUrl\":\"https:\/\/www.lifestyle-medicine.fr\/wp-content\/uploads\/2023\/02\/socioeconomic-building.jpg\",\"datePublished\":\"2023-02-28T00:06:18+00:00\",\"breadcrumb\":{\"@id\":\"https:\/\/www.lifestyle-medicine.fr\/index.php\/les-determinants-socioeconomiques-de-la-sante\/#breadcrumb\"},\"inLanguage\":\"fr-FR\",\"potentialAction\":[{\"@type\":\"ReadAction\",\"target\":[\"https:\/\/www.lifestyle-medicine.fr\/index.php\/les-determinants-socioeconomiques-de-la-sante\/\"]}]},{\"@type\":\"ImageObject\",\"inLanguage\":\"fr-FR\",\"@id\":\"https:\/\/www.lifestyle-medicine.fr\/index.php\/les-determinants-socioeconomiques-de-la-sante\/#primaryimage\",\"url\":\"https:\/\/www.lifestyle-medicine.fr\/wp-content\/uploads\/2023\/02\/socioeconomic-building.jpg\",\"contentUrl\":\"https:\/\/www.lifestyle-medicine.fr\/wp-content\/uploads\/2023\/02\/socioeconomic-building.jpg\"},{\"@type\":\"BreadcrumbList\",\"@id\":\"https:\/\/www.lifestyle-medicine.fr\/index.php\/les-determinants-socioeconomiques-de-la-sante\/#breadcrumb\",\"itemListElement\":[{\"@type\":\"ListItem\",\"position\":1,\"name\":\"Accueil\",\"item\":\"https:\/\/www.lifestyle-medicine.fr\/\"},{\"@type\":\"ListItem\",\"position\":2,\"name\":\"Les d\u00e9terminants socio\u00e9conomiques de la sant\u00e9\"}]},{\"@type\":\"WebSite\",\"@id\":\"https:\/\/www.lifestyle-medicine.fr\/#website\",\"url\":\"https:\/\/www.lifestyle-medicine.fr\/\",\"name\":\"Association Lifestyle Medicine France\",\"description\":\"\",\"publisher\":{\"@id\":\"https:\/\/www.lifestyle-medicine.fr\/#organization\"},\"potentialAction\":[{\"@type\":\"SearchAction\",\"target\":{\"@type\":\"EntryPoint\",\"urlTemplate\":\"https:\/\/www.lifestyle-medicine.fr\/?s={search_term_string}\"},\"query-input\":{\"@type\":\"PropertyValueSpecification\",\"valueRequired\":true,\"valueName\":\"search_term_string\"}}],\"inLanguage\":\"fr-FR\"},{\"@type\":\"Organization\",\"@id\":\"https:\/\/www.lifestyle-medicine.fr\/#organization\",\"name\":\"Association Lifestyle Medicine France\",\"url\":\"https:\/\/www.lifestyle-medicine.fr\/\",\"logo\":{\"@type\":\"ImageObject\",\"inLanguage\":\"fr-FR\",\"@id\":\"https:\/\/www.lifestyle-medicine.fr\/#\/schema\/logo\/image\/\",\"url\":\"https:\/\/www.lifestyle-medicine.fr\/wp-content\/uploads\/2023\/01\/cropped-ASSOCIATION-LIFESTYLE-MEDICINE-4.png\",\"contentUrl\":\"https:\/\/www.lifestyle-medicine.fr\/wp-content\/uploads\/2023\/01\/cropped-ASSOCIATION-LIFESTYLE-MEDICINE-4.png\",\"width\":331,\"height\":371,\"caption\":\"Association Lifestyle Medicine France\"},\"image\":{\"@id\":\"https:\/\/www.lifestyle-medicine.fr\/#\/schema\/logo\/image\/\"},\"sameAs\":[\"https:\/\/x.com\/LifestyleMedFr\"]}]}<\/script>\n<!-- \/ Yoast SEO plugin. -->","yoast_head_json":{"title":"Les d\u00e9terminants socio\u00e9conomiques de la sant\u00e9 - Association Lifestyle Medicine France","robots":{"index":"index","follow":"follow","max-snippet":"max-snippet:-1","max-image-preview":"max-image-preview:large","max-video-preview":"max-video-preview:-1"},"canonical":"https:\/\/www.lifestyle-medicine.fr\/index.php\/les-determinants-socioeconomiques-de-la-sante\/","og_locale":"fr_FR","og_type":"article","og_title":"Les d\u00e9terminants socio\u00e9conomiques de la sant\u00e9 - Association Lifestyle Medicine France","og_description":"La m\u00e9decine du mode de vie d\u00e9crit le r\u00f4le que les praticiens et les professionnels de la sant\u00e9 peuvent jouer lors d&rsquo;une consultation avec un patient ou un petit groupe pour soutenir des changements de mode de vie sains. Cependant, le moyen le plus efficace d&rsquo;aider les gens \u00e0 mener une vie saine est de&hellip;&nbsp;Lire la suite &raquo;Les d\u00e9terminants socio\u00e9conomiques de la sant\u00e9","og_url":"https:\/\/www.lifestyle-medicine.fr\/index.php\/les-determinants-socioeconomiques-de-la-sante\/","og_site_name":"Association Lifestyle Medicine France","og_image":[{"url":"https:\/\/www.lifestyle-medicine.fr\/wp-content\/uploads\/2023\/02\/socioeconomic-building.jpg","type":"","width":"","height":""}],"twitter_card":"summary_large_image","twitter_site":"@LifestyleMedFr","twitter_misc":{"Dur\u00e9e de lecture estim\u00e9e":"4 minutes"},"schema":{"@context":"https:\/\/schema.org","@graph":[{"@type":"WebPage","@id":"https:\/\/www.lifestyle-medicine.fr\/index.php\/les-determinants-socioeconomiques-de-la-sante\/","url":"https:\/\/www.lifestyle-medicine.fr\/index.php\/les-determinants-socioeconomiques-de-la-sante\/","name":"Les d\u00e9terminants socio\u00e9conomiques de la sant\u00e9 - Association Lifestyle Medicine France","isPartOf":{"@id":"https:\/\/www.lifestyle-medicine.fr\/#website"},"primaryImageOfPage":{"@id":"https:\/\/www.lifestyle-medicine.fr\/index.php\/les-determinants-socioeconomiques-de-la-sante\/#primaryimage"},"image":{"@id":"https:\/\/www.lifestyle-medicine.fr\/index.php\/les-determinants-socioeconomiques-de-la-sante\/#primaryimage"},"thumbnailUrl":"https:\/\/www.lifestyle-medicine.fr\/wp-content\/uploads\/2023\/02\/socioeconomic-building.jpg","datePublished":"2023-02-28T00:06:18+00:00","breadcrumb":{"@id":"https:\/\/www.lifestyle-medicine.fr\/index.php\/les-determinants-socioeconomiques-de-la-sante\/#breadcrumb"},"inLanguage":"fr-FR","potentialAction":[{"@type":"ReadAction","target":["https:\/\/www.lifestyle-medicine.fr\/index.php\/les-determinants-socioeconomiques-de-la-sante\/"]}]},{"@type":"ImageObject","inLanguage":"fr-FR","@id":"https:\/\/www.lifestyle-medicine.fr\/index.php\/les-determinants-socioeconomiques-de-la-sante\/#primaryimage","url":"https:\/\/www.lifestyle-medicine.fr\/wp-content\/uploads\/2023\/02\/socioeconomic-building.jpg","contentUrl":"https:\/\/www.lifestyle-medicine.fr\/wp-content\/uploads\/2023\/02\/socioeconomic-building.jpg"},{"@type":"BreadcrumbList","@id":"https:\/\/www.lifestyle-medicine.fr\/index.php\/les-determinants-socioeconomiques-de-la-sante\/#breadcrumb","itemListElement":[{"@type":"ListItem","position":1,"name":"Accueil","item":"https:\/\/www.lifestyle-medicine.fr\/"},{"@type":"ListItem","position":2,"name":"Les d\u00e9terminants socio\u00e9conomiques de la sant\u00e9"}]},{"@type":"WebSite","@id":"https:\/\/www.lifestyle-medicine.fr\/#website","url":"https:\/\/www.lifestyle-medicine.fr\/","name":"Association Lifestyle Medicine France","description":"","publisher":{"@id":"https:\/\/www.lifestyle-medicine.fr\/#organization"},"potentialAction":[{"@type":"SearchAction","target":{"@type":"EntryPoint","urlTemplate":"https:\/\/www.lifestyle-medicine.fr\/?s={search_term_string}"},"query-input":{"@type":"PropertyValueSpecification","valueRequired":true,"valueName":"search_term_string"}}],"inLanguage":"fr-FR"},{"@type":"Organization","@id":"https:\/\/www.lifestyle-medicine.fr\/#organization","name":"Association Lifestyle Medicine France","url":"https:\/\/www.lifestyle-medicine.fr\/","logo":{"@type":"ImageObject","inLanguage":"fr-FR","@id":"https:\/\/www.lifestyle-medicine.fr\/#\/schema\/logo\/image\/","url":"https:\/\/www.lifestyle-medicine.fr\/wp-content\/uploads\/2023\/01\/cropped-ASSOCIATION-LIFESTYLE-MEDICINE-4.png","contentUrl":"https:\/\/www.lifestyle-medicine.fr\/wp-content\/uploads\/2023\/01\/cropped-ASSOCIATION-LIFESTYLE-MEDICINE-4.png","width":331,"height":371,"caption":"Association Lifestyle Medicine France"},"image":{"@id":"https:\/\/www.lifestyle-medicine.fr\/#\/schema\/logo\/image\/"},"sameAs":["https:\/\/x.com\/LifestyleMedFr"]}]}},"_links":{"self":[{"href":"https:\/\/www.lifestyle-medicine.fr\/index.php\/wp-json\/wp\/v2\/pages\/132","targetHints":{"allow":["GET"]}}],"collection":[{"href":"https:\/\/www.lifestyle-medicine.fr\/index.php\/wp-json\/wp\/v2\/pages"}],"about":[{"href":"https:\/\/www.lifestyle-medicine.fr\/index.php\/wp-json\/wp\/v2\/types\/page"}],"author":[{"embeddable":true,"href":"https:\/\/www.lifestyle-medicine.fr\/index.php\/wp-json\/wp\/v2\/users\/1"}],"replies":[{"embeddable":true,"href":"https:\/\/www.lifestyle-medicine.fr\/index.php\/wp-json\/wp\/v2\/comments?post=132"}],"version-history":[{"count":1,"href":"https:\/\/www.lifestyle-medicine.fr\/index.php\/wp-json\/wp\/v2\/pages\/132\/revisions"}],"predecessor-version":[{"id":135,"href":"https:\/\/www.lifestyle-medicine.fr\/index.php\/wp-json\/wp\/v2\/pages\/132\/revisions\/135"}],"wp:attachment":[{"href":"https:\/\/www.lifestyle-medicine.fr\/index.php\/wp-json\/wp\/v2\/media?parent=132"}],"curies":[{"name":"wp","href":"https:\/\/api.w.org\/{rel}","templated":true}]}}