{"id":101,"date":"2023-01-14T14:14:45","date_gmt":"2023-01-14T13:14:45","guid":{"rendered":"https:\/\/www.lifestyle-medicine.fr\/?page_id=101"},"modified":"2023-01-14T14:14:45","modified_gmt":"2023-01-14T13:14:45","slug":"reduire-les-comportements-et-les-consommations-toxiques","status":"publish","type":"page","link":"https:\/\/www.lifestyle-medicine.fr\/index.php\/reduire-les-comportements-et-les-consommations-toxiques\/","title":{"rendered":"R\u00e9duire les comportements et les consommations toxiques"},"content":{"rendered":"\n<p>La r\u00e9duction de notre exposition aux substances ou aux comportements toxiques ou nocifs est parfois qualifi\u00e9e de pilier \u00ab\u00a0n\u00e9gatif\u00a0\u00bb de la m\u00e9decine du style de vie. Cela vient probablement du fait que la m\u00e9decine du style de vie met l&rsquo;accent sur l&rsquo;\u00e9limination de ces substances de notre vie &#8211; ou du moins sur la r\u00e9duction de leur utilisation. Alors que les autres piliers de la m\u00e9decine du style de vie se concentrent sur les actions positives &#8211; manger sainement, \u00eatre plus actif &#8211; ce pilier consiste \u00e0 ne pas agir.<\/p>\n\n\n\n<p>Les risques associ\u00e9s aux substances nocives et toxiques &#8211; comme l&rsquo;alcool, le tabac ou les drogues r\u00e9cr\u00e9atives &#8211; sont bien connus. Peu de nos patients ne sont pas conscients des dommages qu&rsquo;une consommation excessive d&rsquo;alcool, de tabac ou de drogues peut causer \u00e0 leur sant\u00e9. Toutefois, comme pour de nombreux aspects de notre mode de vie, la connaissance des comportements malsains n&rsquo;est qu&rsquo;un d\u00e9but. La partie la plus difficile est d&rsquo;obtenir un changement de comportement positif &#8211; et c&rsquo;est peut-\u00eatre le cas lorsqu&rsquo;il s&rsquo;agit de r\u00e9duire ou d&rsquo;arr\u00eater la consommation de substances nocives.<\/p>\n\n\n\n<p>Un rappel rapide de certains de ces m\u00e9faits est toutefois utile \u2026<\/p>\n\n\n\n<p>Le tabagisme et la consommation excessive d&rsquo;alcool, en particulier, sont des facteurs de risque comportementaux cl\u00e9s associ\u00e9s \u00e0 de nombreuses maladies physiques et mentales chroniques. Ils font partie des principales causes de d\u00e9c\u00e8s \u00e9vitables.<\/p>\n\n\n\n<p>Le tabagisme tue plus de cinq millions de personnes dans le monde chaque ann\u00e9e, tandis que la consommation excessive d&rsquo;alcool est associ\u00e9e \u00e0 un risque accru de maladie chronique du foie, de certains cancers et de maladies cardiaques. Le tabagisme est, bien entendu, le principal facteur de risque de cancer, en particulier des cancers des poumons, de la bouche et de la gorge. Fumer nuit \u00e9galement \u00e0 votre syst\u00e8me immunitaire et vous expose \u00e0 un risque accru de maladie cardiaque.<\/p>\n\n\n\n<p>La consommation excessive d&rsquo;alcool peut \u00e9galement accro\u00eetre le risque de d\u00e9c\u00e8s et de blessures dus \u00e0 des accidents, voire \u00e0 la violence. Il est important de noter que l&rsquo;abus d&rsquo;alcool et de tabac va souvent de pair. Avoir un probl\u00e8me avec l&rsquo;un augmente la probabilit\u00e9 d&rsquo;avoir un probl\u00e8me avec l&rsquo;autre.<\/p>\n\n\n\n<p>Faits relatifs \u00e0 la m\u00e9decine du style de vie : abus de substances nocives<\/p>\n\n\n\n<pre class=\"wp-block-code\"><code>24 % des adultes au Royaume-Uni boivent r\u00e9guli\u00e8rement au-del\u00e0 des recommandations.\nL'alcool est responsable de 4 % des maladies dans le monde. Il contribue \u00e0 plus de 60 probl\u00e8mes de sant\u00e9 diff\u00e9rents.\nLe tabagisme tue cinq millions de personnes dans le monde chaque ann\u00e9e.\n16% des d\u00e9c\u00e8s accidentels sont li\u00e9s \u00e0 l'alcool\n7 personnes sur 10 dans les professions lib\u00e9rales boivent au-del\u00e0 des recommandations, contre 5 personnes sur 10 dans les professions manuelles.<\/code><\/pre>\n\n\n\n<p>L&rsquo;Association Lifestyle Medicine France plaide donc pour une approche sans jugement, avec soutien et compassion, de cet important pilier de la m\u00e9decine du style de vie.<\/p>\n\n\n\n<p>En tant que m\u00e9decins, professionnels et praticiens de la m\u00e9decine du style de vie, aider les patients \u00e0 r\u00e9aliser des changements significatifs dans ce domaine est peut-\u00eatre notre plus grand d\u00e9fi. Lorsqu&rsquo;un comportement malsain, comme la consommation excessive d&rsquo;alcool, le tabagisme ou la consommation de drogues, est devenu une habitude bien ancr\u00e9e, il peut \u00eatre tr\u00e8s difficile de s&rsquo;en d\u00e9faire.<\/p>\n\n\n\n<p>Toutefois, la bonne nouvelle est que les outils et les techniques de la m\u00e9decine du style de vie peuvent avoir un impact positif. La m\u00e9decine du style de vie peut offrir un r\u00e9el espoir aux personnes qui rencontrent des difficult\u00e9s dans ce domaine de leur vie &#8211; et l&rsquo;ALMF plaide pour son utilisation plus large dans les strat\u00e9gies de r\u00e9duction des risques et de pr\u00e9vention dans ce domaine.<\/p>\n\n\n\n<p>Les approches et techniques utilis\u00e9es dans le cadre de la m\u00e9decine du style de vie comprennent l&rsquo;entretien motivationnel, le coaching en mati\u00e8re de sant\u00e9, le d\u00e9pistage, l&rsquo;\u00e9valuation de l&rsquo;\u00e9tat de pr\u00e9paration, les interventions br\u00e8ves et les interventions prolong\u00e9es.<\/p>\n\n\n\n<p>L&rsquo;approche de la m\u00e9decine du style de vie pr\u00e9conis\u00e9e par le BSLM met l&rsquo;accent sur \u2026<\/p>\n\n\n\n<pre class=\"wp-block-code\"><code>Une approche de soutien sans jugement, fond\u00e9e sur le remplacement des habitudes malsaines par des habitudes saines.\nL'\u00e9coute des patients sans les critiquer ni les bl\u00e2mer, et l'\u00e9tablissement et la suppression des obstacles individuels au changement.\nRemplacer les moyens nuisibles - et largement inefficaces - de se \"sentir bien\" et de r\u00e9duire le stress par des alternatives saines telles que l'activit\u00e9 physique, le contact avec la nature, un bon sommeil, une alimentation saine, la m\u00e9ditation, l'\u00e9coute de la musique et l'am\u00e9lioration des relations sociales.\nL'orientation vers des services de soutien, le cas \u00e9ch\u00e9ant - par exemple, des services de traitement de l'alcoolisme.<\/code><\/pre>\n\n\n\n<p>Plus r\u00e9cemment, l&rsquo;ALMF a \u00e9galement plaid\u00e9 en faveur d&rsquo;un \u00e9largissement des d\u00e9finitions des substances, toxines et comportements nocifs afin d&rsquo;inclure d&rsquo;autres aspects de nos modes de vie modernes. Cela englobe d\u00e9sormais l&rsquo;utilisation excessive d&rsquo;Internet ou des m\u00e9dias sociaux, les jeux d&rsquo;argent et m\u00eame les dommages qui peuvent \u00eatre caus\u00e9s par une utilisation excessive ou inappropri\u00e9e de m\u00e9dicaments sur ordonnance.<\/p>\n","protected":false},"excerpt":{"rendered":"<p>La r\u00e9duction de notre exposition aux substances ou aux comportements toxiques ou nocifs est parfois qualifi\u00e9e de pilier \u00ab\u00a0n\u00e9gatif\u00a0\u00bb de la m\u00e9decine du style de vie. Cela vient probablement du fait que la m\u00e9decine du style de vie met l&rsquo;accent sur l&rsquo;\u00e9limination de ces substances de notre vie &#8211; ou du moins sur la r\u00e9duction&hellip;&nbsp;<a href=\"https:\/\/www.lifestyle-medicine.fr\/index.php\/reduire-les-comportements-et-les-consommations-toxiques\/\" rel=\"bookmark\">Lire la suite &raquo;<span class=\"screen-reader-text\">R\u00e9duire les comportements et les consommations toxiques<\/span><\/a><\/p>\n","protected":false},"author":1,"featured_media":0,"parent":0,"menu_order":0,"comment_status":"closed","ping_status":"closed","template":"","meta":{"neve_meta_sidebar":"","neve_meta_container":"","neve_meta_enable_content_width":"","neve_meta_content_width":0,"neve_meta_title_alignment":"","neve_meta_author_avatar":"","neve_post_elements_order":"","neve_meta_disable_header":"","neve_meta_disable_footer":"","neve_meta_disable_title":"","footnotes":""},"class_list":["post-101","page","type-page","status-publish","hentry"],"yoast_head":"<!-- This site is optimized with the Yoast SEO plugin v26.7 - https:\/\/yoast.com\/wordpress\/plugins\/seo\/ -->\n<title>R\u00e9duire les comportements et les consommations toxiques - Association Lifestyle Medicine France<\/title>\n<meta name=\"robots\" content=\"index, follow, max-snippet:-1, max-image-preview:large, max-video-preview:-1\" \/>\n<link rel=\"canonical\" href=\"https:\/\/www.lifestyle-medicine.fr\/index.php\/reduire-les-comportements-et-les-consommations-toxiques\/\" \/>\n<meta property=\"og:locale\" content=\"fr_FR\" \/>\n<meta property=\"og:type\" content=\"article\" \/>\n<meta property=\"og:title\" content=\"R\u00e9duire les comportements et les consommations toxiques - Association Lifestyle Medicine France\" \/>\n<meta property=\"og:description\" content=\"La r\u00e9duction de notre exposition aux substances ou aux comportements toxiques ou nocifs est parfois qualifi\u00e9e de pilier \u00ab\u00a0n\u00e9gatif\u00a0\u00bb de la m\u00e9decine du style de vie. Cela vient probablement du fait que la m\u00e9decine du style de vie met l&rsquo;accent sur l&rsquo;\u00e9limination de ces substances de notre vie &#8211; ou du moins sur la r\u00e9duction&hellip;&nbsp;Lire la suite &raquo;R\u00e9duire les comportements et les consommations toxiques\" \/>\n<meta property=\"og:url\" content=\"https:\/\/www.lifestyle-medicine.fr\/index.php\/reduire-les-comportements-et-les-consommations-toxiques\/\" \/>\n<meta property=\"og:site_name\" content=\"Association Lifestyle Medicine France\" \/>\n<meta name=\"twitter:card\" content=\"summary_large_image\" \/>\n<meta name=\"twitter:site\" content=\"@LifestyleMedFr\" \/>\n<meta name=\"twitter:label1\" content=\"Dur\u00e9e de lecture estim\u00e9e\" \/>\n\t<meta name=\"twitter:data1\" content=\"4 minutes\" \/>\n<script type=\"application\/ld+json\" class=\"yoast-schema-graph\">{\"@context\":\"https:\/\/schema.org\",\"@graph\":[{\"@type\":\"WebPage\",\"@id\":\"https:\/\/www.lifestyle-medicine.fr\/index.php\/reduire-les-comportements-et-les-consommations-toxiques\/\",\"url\":\"https:\/\/www.lifestyle-medicine.fr\/index.php\/reduire-les-comportements-et-les-consommations-toxiques\/\",\"name\":\"R\u00e9duire les comportements et les consommations toxiques - Association Lifestyle Medicine France\",\"isPartOf\":{\"@id\":\"https:\/\/www.lifestyle-medicine.fr\/#website\"},\"datePublished\":\"2023-01-14T13:14:45+00:00\",\"breadcrumb\":{\"@id\":\"https:\/\/www.lifestyle-medicine.fr\/index.php\/reduire-les-comportements-et-les-consommations-toxiques\/#breadcrumb\"},\"inLanguage\":\"fr-FR\",\"potentialAction\":[{\"@type\":\"ReadAction\",\"target\":[\"https:\/\/www.lifestyle-medicine.fr\/index.php\/reduire-les-comportements-et-les-consommations-toxiques\/\"]}]},{\"@type\":\"BreadcrumbList\",\"@id\":\"https:\/\/www.lifestyle-medicine.fr\/index.php\/reduire-les-comportements-et-les-consommations-toxiques\/#breadcrumb\",\"itemListElement\":[{\"@type\":\"ListItem\",\"position\":1,\"name\":\"Accueil\",\"item\":\"https:\/\/www.lifestyle-medicine.fr\/\"},{\"@type\":\"ListItem\",\"position\":2,\"name\":\"R\u00e9duire les comportements et les consommations toxiques\"}]},{\"@type\":\"WebSite\",\"@id\":\"https:\/\/www.lifestyle-medicine.fr\/#website\",\"url\":\"https:\/\/www.lifestyle-medicine.fr\/\",\"name\":\"Association Lifestyle Medicine France\",\"description\":\"\",\"publisher\":{\"@id\":\"https:\/\/www.lifestyle-medicine.fr\/#organization\"},\"potentialAction\":[{\"@type\":\"SearchAction\",\"target\":{\"@type\":\"EntryPoint\",\"urlTemplate\":\"https:\/\/www.lifestyle-medicine.fr\/?s={search_term_string}\"},\"query-input\":{\"@type\":\"PropertyValueSpecification\",\"valueRequired\":true,\"valueName\":\"search_term_string\"}}],\"inLanguage\":\"fr-FR\"},{\"@type\":\"Organization\",\"@id\":\"https:\/\/www.lifestyle-medicine.fr\/#organization\",\"name\":\"Association Lifestyle Medicine France\",\"url\":\"https:\/\/www.lifestyle-medicine.fr\/\",\"logo\":{\"@type\":\"ImageObject\",\"inLanguage\":\"fr-FR\",\"@id\":\"https:\/\/www.lifestyle-medicine.fr\/#\/schema\/logo\/image\/\",\"url\":\"https:\/\/www.lifestyle-medicine.fr\/wp-content\/uploads\/2023\/01\/cropped-ASSOCIATION-LIFESTYLE-MEDICINE-4.png\",\"contentUrl\":\"https:\/\/www.lifestyle-medicine.fr\/wp-content\/uploads\/2023\/01\/cropped-ASSOCIATION-LIFESTYLE-MEDICINE-4.png\",\"width\":331,\"height\":371,\"caption\":\"Association Lifestyle Medicine France\"},\"image\":{\"@id\":\"https:\/\/www.lifestyle-medicine.fr\/#\/schema\/logo\/image\/\"},\"sameAs\":[\"https:\/\/x.com\/LifestyleMedFr\"]}]}<\/script>\n<!-- \/ Yoast SEO plugin. -->","yoast_head_json":{"title":"R\u00e9duire les comportements et les consommations toxiques - Association Lifestyle Medicine France","robots":{"index":"index","follow":"follow","max-snippet":"max-snippet:-1","max-image-preview":"max-image-preview:large","max-video-preview":"max-video-preview:-1"},"canonical":"https:\/\/www.lifestyle-medicine.fr\/index.php\/reduire-les-comportements-et-les-consommations-toxiques\/","og_locale":"fr_FR","og_type":"article","og_title":"R\u00e9duire les comportements et les consommations toxiques - Association Lifestyle Medicine France","og_description":"La r\u00e9duction de notre exposition aux substances ou aux comportements toxiques ou nocifs est parfois qualifi\u00e9e de pilier \u00ab\u00a0n\u00e9gatif\u00a0\u00bb de la m\u00e9decine du style de vie. Cela vient probablement du fait que la m\u00e9decine du style de vie met l&rsquo;accent sur l&rsquo;\u00e9limination de ces substances de notre vie &#8211; ou du moins sur la r\u00e9duction&hellip;&nbsp;Lire la suite &raquo;R\u00e9duire les comportements et les consommations toxiques","og_url":"https:\/\/www.lifestyle-medicine.fr\/index.php\/reduire-les-comportements-et-les-consommations-toxiques\/","og_site_name":"Association Lifestyle Medicine France","twitter_card":"summary_large_image","twitter_site":"@LifestyleMedFr","twitter_misc":{"Dur\u00e9e de lecture estim\u00e9e":"4 minutes"},"schema":{"@context":"https:\/\/schema.org","@graph":[{"@type":"WebPage","@id":"https:\/\/www.lifestyle-medicine.fr\/index.php\/reduire-les-comportements-et-les-consommations-toxiques\/","url":"https:\/\/www.lifestyle-medicine.fr\/index.php\/reduire-les-comportements-et-les-consommations-toxiques\/","name":"R\u00e9duire les comportements et les consommations toxiques - Association Lifestyle Medicine France","isPartOf":{"@id":"https:\/\/www.lifestyle-medicine.fr\/#website"},"datePublished":"2023-01-14T13:14:45+00:00","breadcrumb":{"@id":"https:\/\/www.lifestyle-medicine.fr\/index.php\/reduire-les-comportements-et-les-consommations-toxiques\/#breadcrumb"},"inLanguage":"fr-FR","potentialAction":[{"@type":"ReadAction","target":["https:\/\/www.lifestyle-medicine.fr\/index.php\/reduire-les-comportements-et-les-consommations-toxiques\/"]}]},{"@type":"BreadcrumbList","@id":"https:\/\/www.lifestyle-medicine.fr\/index.php\/reduire-les-comportements-et-les-consommations-toxiques\/#breadcrumb","itemListElement":[{"@type":"ListItem","position":1,"name":"Accueil","item":"https:\/\/www.lifestyle-medicine.fr\/"},{"@type":"ListItem","position":2,"name":"R\u00e9duire les comportements et les consommations toxiques"}]},{"@type":"WebSite","@id":"https:\/\/www.lifestyle-medicine.fr\/#website","url":"https:\/\/www.lifestyle-medicine.fr\/","name":"Association Lifestyle Medicine France","description":"","publisher":{"@id":"https:\/\/www.lifestyle-medicine.fr\/#organization"},"potentialAction":[{"@type":"SearchAction","target":{"@type":"EntryPoint","urlTemplate":"https:\/\/www.lifestyle-medicine.fr\/?s={search_term_string}"},"query-input":{"@type":"PropertyValueSpecification","valueRequired":true,"valueName":"search_term_string"}}],"inLanguage":"fr-FR"},{"@type":"Organization","@id":"https:\/\/www.lifestyle-medicine.fr\/#organization","name":"Association Lifestyle Medicine France","url":"https:\/\/www.lifestyle-medicine.fr\/","logo":{"@type":"ImageObject","inLanguage":"fr-FR","@id":"https:\/\/www.lifestyle-medicine.fr\/#\/schema\/logo\/image\/","url":"https:\/\/www.lifestyle-medicine.fr\/wp-content\/uploads\/2023\/01\/cropped-ASSOCIATION-LIFESTYLE-MEDICINE-4.png","contentUrl":"https:\/\/www.lifestyle-medicine.fr\/wp-content\/uploads\/2023\/01\/cropped-ASSOCIATION-LIFESTYLE-MEDICINE-4.png","width":331,"height":371,"caption":"Association Lifestyle Medicine France"},"image":{"@id":"https:\/\/www.lifestyle-medicine.fr\/#\/schema\/logo\/image\/"},"sameAs":["https:\/\/x.com\/LifestyleMedFr"]}]}},"_links":{"self":[{"href":"https:\/\/www.lifestyle-medicine.fr\/index.php\/wp-json\/wp\/v2\/pages\/101","targetHints":{"allow":["GET"]}}],"collection":[{"href":"https:\/\/www.lifestyle-medicine.fr\/index.php\/wp-json\/wp\/v2\/pages"}],"about":[{"href":"https:\/\/www.lifestyle-medicine.fr\/index.php\/wp-json\/wp\/v2\/types\/page"}],"author":[{"embeddable":true,"href":"https:\/\/www.lifestyle-medicine.fr\/index.php\/wp-json\/wp\/v2\/users\/1"}],"replies":[{"embeddable":true,"href":"https:\/\/www.lifestyle-medicine.fr\/index.php\/wp-json\/wp\/v2\/comments?post=101"}],"version-history":[{"count":1,"href":"https:\/\/www.lifestyle-medicine.fr\/index.php\/wp-json\/wp\/v2\/pages\/101\/revisions"}],"predecessor-version":[{"id":102,"href":"https:\/\/www.lifestyle-medicine.fr\/index.php\/wp-json\/wp\/v2\/pages\/101\/revisions\/102"}],"wp:attachment":[{"href":"https:\/\/www.lifestyle-medicine.fr\/index.php\/wp-json\/wp\/v2\/media?parent=101"}],"curies":[{"name":"wp","href":"https:\/\/api.w.org\/{rel}","templated":true}]}}